{"id":120,"date":"2020-06-26T20:18:15","date_gmt":"2020-06-26T23:18:15","guid":{"rendered":"http:\/\/aphsave.com.br\/2020\/?page_id=120"},"modified":"2021-03-03T20:52:20","modified_gmt":"2021-03-03T23:52:20","slug":"sobre","status":"publish","type":"page","link":"https:\/\/aphsave.com.br\/2020\/sobre\/","title":{"rendered":"Sobre"},"content":{"rendered":"\n<p>A\u00a0<strong>APH SAVE<\/strong> \u00e9 uma empresa especializada no treinamento e capacita\u00e7\u00e3o em emerg\u00eancia, incluindo Primeiros Socorros, Reanima\u00e7\u00e3o CardioPulmonar (RCP), Desfibrilador Externo Autom\u00e1tico (DEA), Trauma e Atendimento Pr\u00e9-Hospitalar (APH).<\/p>\n\n\n\n<p>A <strong>APH SAVE<\/strong> j\u00e1 capacitou milhares de alunos, com cursos ministrados em <strong>turmas abertas<\/strong> ao p\u00fablico e <strong>turmas sob demanda<\/strong>, fechadas para grupos ou empresas.<\/p>\n\n\n\n<p><strong>\u200bRecursos Materiais:<\/strong><\/p>\n\n\n\n<p>Nossos cursos contam com apresenta\u00e7\u00e3o multim\u00eddia e v\u00eddeos em Data-Show; Desfibrilador Externo Autom\u00e1tico (AED\/DEA) de treinamento; Manequins importados de RCP Adulto, Pedi\u00e1trico e Neonatal; M\u00e1scara descart\u00e1vel para pr\u00e1tica de ventila\u00e7\u00e3o boca-a-boca; Livro Original (para cursos internacionais espec\u00edficos); etc.<\/p>\n\n\n\n<p><strong>\u200bRecursos Humanos:<\/strong><\/p>\n\n\n\n<p>Nossa equipe de instrutores \u00e9 formada por <strong>profissionais de sa\u00fade, com atua\u00e7\u00e3o em emerg\u00eancia no Brasil e Estados Unidos<\/strong>, incluindo emerg\u00eancia hospitalar e pr\u00e9-hospitalar, adulto e pedi\u00e1trica, resgate em rodovia e Servi\u00e7o M\u00e9dico de Emerg\u00eancia Americano (911).<\/p>\n\n\n\n<p>Sendo profissionais de sa\u00fade atuantes em servi\u00e7os de emerg\u00eancia, ou seja, atuando em urg\u00eancias e emerg\u00eancias reais no seu exerc\u00edcio profissional, nossos instrutores somam experi\u00eancia e pr\u00e1tica ao conhecimento te\u00f3rico adquirido no Brasil e Exterior.<\/p>\n\n\n\n<p>Nossos instrutores s\u00e3o <strong>credenciados por institui\u00e7\u00f5es internacionais<\/strong>.<br>Os credenciamentos internacionais (na qualidade de instrutor) da nossa equipe afirmam que nossos instrutores atendem padr\u00f5es internacionais, estando em constante atualiza\u00e7\u00e3o e aprimoramento nas t\u00e9cnicas de atendimento a urg\u00eancias e emerg\u00eancias.<\/p>\n\n\n\n<p><strong>\u200bCredenciamentos:<\/strong><\/p>\n\n\n\n<p>Somos Centro Educacional no Brasil de renomadas institui\u00e7\u00f5es internacionais, incluindo cursos do <strong>Emergency Care &amp; Safety Institute (ECSI) e American Academy of Pediatrics (AAP)<\/strong>. Estamos tamb\u00e9m habilitados para ministrar programas e emitir certifica\u00e7\u00f5es da <strong>APH do Brasil<\/strong>.&nbsp;Estes credenciamentos e habilita\u00e7\u00f5es s\u00e3o resultado do constante aperfei\u00e7oamento de nossos instrutores e do nosso padr\u00e3o internacional de qualidade.<\/p>\n\n\n\n<p><strong>\u200bExperi\u00eancia:<\/strong><\/p>\n\n\n\n<p>Com atua\u00e7\u00e3o no mercado desde 2009, a <strong>APH SAVE<\/strong> j\u00e1 atendeu pessoas f\u00edsicas em turmas abertas para inscri\u00e7\u00f5es individuais nos Estados do RJ e SP, al\u00e9m de empresas de diversos segmentos (petr\u00f3leo e g\u00e1s, minera\u00e7\u00e3o, educa\u00e7\u00e3o, ind\u00fastria farmac\u00eautica, sa\u00fade, tecnologia, hotelaria, seguran\u00e7a, etc) provendo cursos nacionais e internacionais na \u00e1rea de emerg\u00eancia pr\u00e9-hospitalar, em <strong>turmas <em>incompany <\/em>em realizadas em diversos Estados brasileiros<\/strong>.<\/p>\n\n\n\n<p><strong>\u200bEmpresas j\u00e1 atendidas:<\/strong><\/p>\n\n\n\n<p>Entre os clientes atendidos pela <strong>APH SAVE<\/strong> est\u00e3o: ABBR, Air BP, AngloGold, BP, Caesar Park Ipanema, Elpaso, ERM, Faria Brito, Farmanguinhos,\u00a0Floresta Country Club, Grupo GP, International SOS, O2, OdontoClinic, Prevdata, Primeiros Passos, Q&amp;B, Schlumberger, Walmart e Wings to Fly, entre outros.<\/p>\n","protected":false},"excerpt":{"rendered":"<p>A\u00a0APH SAVE \u00e9 uma empresa especializada no treinamento e capacita\u00e7\u00e3o em emerg\u00eancia, incluindo Primeiros Socorros, Reanima\u00e7\u00e3o CardioPulmonar (RCP), Desfibrilador Externo Autom\u00e1tico (DEA), Trauma e Atendimento Pr\u00e9-Hospitalar (APH). A APH SAVE j\u00e1 capacitou milhares de alunos, com cursos ministrados em turmas abertas ao p\u00fablico e turmas sob demanda, fechadas para grupos&#8230;<\/p>\n<p><a class=\"more-link\" href=\"https:\/\/aphsave.com.br\/2020\/sobre\/\">Read More<\/a><\/p>\n","protected":false},"author":2,"featured_media":0,"parent":0,"menu_order":0,"comment_status":"closed","ping_status":"closed","template":"","meta":{"footnotes":""},"_links":{"self":[{"href":"https:\/\/aphsave.com.br\/2020\/wp-json\/wp\/v2\/pages\/120"}],"collection":[{"href":"https:\/\/aphsave.com.br\/2020\/wp-json\/wp\/v2\/pages"}],"about":[{"href":"https:\/\/aphsave.com.br\/2020\/wp-json\/wp\/v2\/types\/page"}],"author":[{"embeddable":true,"href":"https:\/\/aphsave.com.br\/2020\/wp-json\/wp\/v2\/users\/2"}],"replies":[{"embeddable":true,"href":"https:\/\/aphsave.com.br\/2020\/wp-json\/wp\/v2\/comments?post=120"}],"version-history":[{"count":4,"href":"https:\/\/aphsave.com.br\/2020\/wp-json\/wp\/v2\/pages\/120\/revisions"}],"predecessor-version":[{"id":238,"href":"https:\/\/aphsave.com.br\/2020\/wp-json\/wp\/v2\/pages\/120\/revisions\/238"}],"wp:attachment":[{"href":"https:\/\/aphsave.com.br\/2020\/wp-json\/wp\/v2\/media?parent=120"}],"curies":[{"name":"wp","href":"https:\/\/api.w.org\/{rel}","templated":true}]}}