{"id":140,"date":"2020-06-27T21:22:38","date_gmt":"2020-06-28T00:22:38","guid":{"rendered":"http:\/\/aphsave.com.br\/2020\/?page_id=140"},"modified":"2022-06-08T09:56:32","modified_gmt":"2022-06-08T12:56:32","slug":"agenda","status":"publish","type":"page","link":"https:\/\/aphsave.com.br\/2020\/agenda\/","title":{"rendered":"Agenda de Turmas Abertas"},"content":{"rendered":"\n<p>Devido \u00e0 restri\u00e7\u00f5es impostas em raz\u00e3o da pandemia de COVID-19, turmas presenciais abertas para inscri\u00e7\u00e3o individual est\u00e3o suspensas.<\/p>\n\n\n\n<p>Somente turmas para grupos fechados, sob demanda, seguem com a op\u00e7\u00e3o de aula 100% ou parcialmente presencial, com ado\u00e7\u00e3o de medidas de preven\u00e7\u00e3o de COVID-19 (verifica\u00e7\u00e3o de temperatura corporal, uso de m\u00e1scara e distanciamento social, quando aplic\u00e1vel).<\/p>\n","protected":false},"excerpt":{"rendered":"<p>Devido \u00e0 restri\u00e7\u00f5es impostas em raz\u00e3o da pandemia de COVID-19, turmas presenciais abertas para inscri\u00e7\u00e3o individual est\u00e3o suspensas. Somente turmas para grupos fechados, sob demanda, seguem com a op\u00e7\u00e3o de aula 100% ou parcialmente presencial, com ado\u00e7\u00e3o de medidas de preven\u00e7\u00e3o de COVID-19 (verifica\u00e7\u00e3o de temperatura corporal, uso de m\u00e1scara&#8230;<\/p>\n<p><a class=\"more-link\" href=\"https:\/\/aphsave.com.br\/2020\/agenda\/\">Read More<\/a><\/p>\n","protected":false},"author":2,"featured_media":0,"parent":0,"menu_order":0,"comment_status":"closed","ping_status":"closed","template":"","meta":{"footnotes":""},"_links":{"self":[{"href":"https:\/\/aphsave.com.br\/2020\/wp-json\/wp\/v2\/pages\/140"}],"collection":[{"href":"https:\/\/aphsave.com.br\/2020\/wp-json\/wp\/v2\/pages"}],"about":[{"href":"https:\/\/aphsave.com.br\/2020\/wp-json\/wp\/v2\/types\/page"}],"author":[{"embeddable":true,"href":"https:\/\/aphsave.com.br\/2020\/wp-json\/wp\/v2\/users\/2"}],"replies":[{"embeddable":true,"href":"https:\/\/aphsave.com.br\/2020\/wp-json\/wp\/v2\/comments?post=140"}],"version-history":[{"count":5,"href":"https:\/\/aphsave.com.br\/2020\/wp-json\/wp\/v2\/pages\/140\/revisions"}],"predecessor-version":[{"id":265,"href":"https:\/\/aphsave.com.br\/2020\/wp-json\/wp\/v2\/pages\/140\/revisions\/265"}],"wp:attachment":[{"href":"https:\/\/aphsave.com.br\/2020\/wp-json\/wp\/v2\/media?parent=140"}],"curies":[{"name":"wp","href":"https:\/\/api.w.org\/{rel}","templated":true}]}}