{"id":221,"date":"2021-03-03T18:20:26","date_gmt":"2021-03-03T21:20:26","guid":{"rendered":"http:\/\/aphsave.com.br\/2020\/?page_id=221"},"modified":"2021-03-03T21:32:30","modified_gmt":"2021-03-04T00:32:30","slug":"orcamentos-de-cursos-sob-demanda","status":"publish","type":"page","link":"https:\/\/aphsave.com.br\/2020\/orcamentos-de-cursos-sob-demanda\/","title":{"rendered":"Or\u00e7amentos"},"content":{"rendered":"\n<p>Agradecemos o interesse em solicitar um or\u00e7amento de turma exclusiva sob demanda.<\/p>\n\n\n\n<p>Como cada turma sob demanda apresenta diferentes caracter\u00edsticas, que resultam em diferentes custos, s\u00e3o necess\u00e1rias as informa\u00e7\u00f5es solicitadas no formul\u00e1rio abaixo para definir o valor espec\u00edfico da turma para o curso desejado, nas condi\u00e7\u00f5es desejadas pelo cliente.<\/p>\n\n\n\n<p>Solicitamos que complete o formul\u00e1rio abaixo para que possamos gerar seu or\u00e7amento detalhado.<\/p>\n\n\n\n<blockquote class=\"wp-block-quote\"><p>Lembramos que este formul\u00e1rio n\u00e3o \u00e9 destinado a informar valor de inscri\u00e7\u00e3o individual em turma aberta ao p\u00fablico. O valor de inscri\u00e7\u00e3o individual \u00e9 publicamente informado na <a href=\"http:\/\/aphsave.com.br\/2020\/agenda\/\">agenda<\/a>, quando existem turmas dispon\u00edveis nesta modalidade. <\/p><p>Contatos sobre inscri\u00e7\u00f5es individuais ou assuntos diversos precisam utilizar o formul\u00e1rio de <a href=\"http:\/\/aphsave.com.br\/2020\/contatos\/\">contatos<\/a>, dispon\u00edvel em <a href=\"http:\/\/aphsave.com.br\/2020\/contatos\/\">http:\/\/aphsave.com.br\/2020\/contatos\/<\/a>, para um atendimento mais eficiente.<\/p><\/blockquote>\n\n\n<div class=\"wpforms-container wpforms-container-full wpforms-block\" id=\"wpforms-220\"><form id=\"wpforms-form-220\" class=\"wpforms-validate wpforms-form\" data-formid=\"220\" method=\"post\" enctype=\"multipart\/form-data\" action=\"\/2020\/wp-json\/wp\/v2\/pages\/221\" data-token=\"040020f40cc8d1aacde1530d5c4a0314\"><noscript class=\"wpforms-error-noscript\">Ative o JavaScript no seu navegador para preencher este formul\u00e1rio.<\/noscript><div class=\"wpforms-field-container\"><div id=\"wpforms-220-field_1-container\" class=\"wpforms-field wpforms-field-name\" data-field-id=\"1\"><label class=\"wpforms-field-label\" for=\"wpforms-220-field_1\">Nome <span class=\"wpforms-required-label\">*<\/span><\/label><div class=\"wpforms-field-row wpforms-field-medium\"><div class=\"wpforms-field-row-block wpforms-first wpforms-one-half\"><input type=\"text\" id=\"wpforms-220-field_1\" class=\"wpforms-field-name-first wpforms-field-required\" name=\"wpforms[fields][1][first]\" required><label for=\"wpforms-220-field_1\" class=\"wpforms-field-sublabel after \">Nome<\/label><\/div><div class=\"wpforms-field-row-block wpforms-one-half\"><input type=\"text\" id=\"wpforms-220-field_1-last\" class=\"wpforms-field-name-last wpforms-field-required\" name=\"wpforms[fields][1][last]\" required><label for=\"wpforms-220-field_1-last\" class=\"wpforms-field-sublabel after \">Sobrenome<\/label><\/div><\/div><\/div><div id=\"wpforms-220-field_2-container\" class=\"wpforms-field wpforms-field-text\" data-field-id=\"2\"><label class=\"wpforms-field-label\" for=\"wpforms-220-field_2\">Cargo do solicitante (caso solicitante pessoa jur\u00eddica)<\/label><input type=\"text\" id=\"wpforms-220-field_2\" class=\"wpforms-field-medium\" name=\"wpforms[fields][2]\" ><\/div><div id=\"wpforms-220-field_3-container\" class=\"wpforms-field wpforms-field-text\" data-field-id=\"3\"><label class=\"wpforms-field-label\" for=\"wpforms-220-field_3\">Raz\u00e3o Social da empresa solicitante (Informar nome completo caso solicitante pessoa f\u00edsica) <span class=\"wpforms-required-label\">*<\/span><\/label><input type=\"text\" id=\"wpforms-220-field_3\" class=\"wpforms-field-medium wpforms-field-required\" name=\"wpforms[fields][3]\" required><\/div><div id=\"wpforms-220-field_4-container\" class=\"wpforms-field wpforms-field-number\" data-field-id=\"4\"><label class=\"wpforms-field-label\" for=\"wpforms-220-field_4\">CNPJ da empresa solicitante (informar CPF caso solicitante pessoa f\u00edsica) <span class=\"wpforms-required-label\">*<\/span><\/label><input type=\"number\" pattern=\"\\d*\" id=\"wpforms-220-field_4\" class=\"wpforms-field-medium wpforms-field-required\" name=\"wpforms[fields][4]\" required><\/div><div id=\"wpforms-220-field_5-container\" class=\"wpforms-field wpforms-field-email\" data-field-id=\"5\"><label class=\"wpforms-field-label\" for=\"wpforms-220-field_5\">E-mail <span class=\"wpforms-required-label\">*<\/span><\/label><input type=\"email\" id=\"wpforms-220-field_5\" class=\"wpforms-field-medium wpforms-field-required\" name=\"wpforms[fields][5]\" spellcheck=\"false\" required><\/div><div id=\"wpforms-220-field_20-container\" class=\"wpforms-field wpforms-field-number\" data-field-id=\"20\"><label class=\"wpforms-field-label\" for=\"wpforms-220-field_20\">Celular<\/label><input type=\"number\" pattern=\"\\d*\" id=\"wpforms-220-field_20\" class=\"wpforms-field-medium\" name=\"wpforms[fields][20]\" ><div class=\"wpforms-field-description\">Informe o n\u00famero de telefone, com DDD, para contatos relacionados a esta solicita\u00e7\u00e3o.<\/div><\/div><div id=\"wpforms-220-field_7-container\" class=\"wpforms-field wpforms-field-select\" data-field-id=\"7\"><label class=\"wpforms-field-label\" for=\"wpforms-220-field_7\">Curso desejado <span class=\"wpforms-required-label\">*<\/span><\/label><select id=\"wpforms-220-field_7\" class=\"wpforms-field-medium wpforms-field-required\" name=\"wpforms[fields][7]\" required=\"required\"><option value=\"RCP e DEA apenas (4 horas)\" >RCP e DEA apenas (4 horas)<\/option><option value=\"Primeiros Socorros, RCP e DEA (8 horas)\" >Primeiros Socorros, RCP e DEA (8 horas)<\/option><option value=\"Primeiros Socorros no Trauma (8 horas)\" >Primeiros Socorros no Trauma (8 horas)<\/option><option value=\"Primeiros Socorros em \u00c1rea Remota (16 horas)\" >Primeiros Socorros em \u00c1rea Remota (16 horas)<\/option><option value=\"APH para profissionais (40 horas)\" >APH para profissionais (40 horas)<\/option><option value=\"Primeiros Socorros para Guardas (8 horas)\" >Primeiros Socorros para Guardas (8 horas)<\/option><option value=\"Primeiros Socorros para Professores (8 horas)\" >Primeiros Socorros para Professores (8 horas)<\/option><option value=\"Primeiros Socorros para Pais, M\u00e3es e Bab\u00e1s (6 a 8 horas)\" >Primeiros Socorros para Pais, M\u00e3es e Bab\u00e1s (6 a 8 horas)<\/option><option value=\"Treinamento de Seguran\u00e7a para Bab\u00e1s (4 horas)\" >Treinamento de Seguran\u00e7a para Bab\u00e1s (4 horas)<\/option><option value=\"Personalizado (detalhar nas observa\u00e7\u00f5es)\" >Personalizado (detalhar nas observa\u00e7\u00f5es)<\/option><\/select><div class=\"wpforms-field-description\">Selecione o programa desejado para a turma 1. Caso deseje mais de um curso, selecione os demais cursos nas op\u00e7\u00f5es de turmas adicionais a seguir.<\/div><\/div><div id=\"wpforms-220-field_16-container\" class=\"wpforms-field wpforms-field-radio\" data-field-id=\"16\"><label class=\"wpforms-field-label\" for=\"wpforms-220-field_16\">N\u00edvel de certifica\u00e7\u00e3o desejado <span class=\"wpforms-required-label\">*<\/span><\/label><ul id=\"wpforms-220-field_16\" class=\"wpforms-field-required\"><li class=\"choice-1 depth-1\"><input type=\"radio\" id=\"wpforms-220-field_16_1\" name=\"wpforms[fields][16]\" value=\"Nacional\" required ><label class=\"wpforms-field-label-inline\" for=\"wpforms-220-field_16_1\">Nacional<\/label><\/li><li class=\"choice-2 depth-1\"><input type=\"radio\" id=\"wpforms-220-field_16_2\" name=\"wpforms[fields][16]\" value=\"Internacional\" required ><label class=\"wpforms-field-label-inline\" for=\"wpforms-220-field_16_2\">Internacional<\/label><\/li><\/ul><\/div><div id=\"wpforms-220-field_8-container\" class=\"wpforms-field wpforms-field-select\" data-field-id=\"8\"><label class=\"wpforms-field-label\" for=\"wpforms-220-field_8\">M\u00e1ximo de alunos para a turma <span class=\"wpforms-required-label\">*<\/span><\/label><select id=\"wpforms-220-field_8\" class=\"wpforms-field-medium wpforms-field-required\" name=\"wpforms[fields][8]\" required=\"required\"><option value=\"1 (para frequ\u00eancia de 0 a 1 alunos)\" >1 (para frequ\u00eancia de 0 a 1 alunos)<\/option><option value=\"2 (para frequ\u00eancia de 0 a 2 alunos)\" >2 (para frequ\u00eancia de 0 a 2 alunos)<\/option><option value=\"3 (para frequ\u00eancia de 0 a 3 alunos)\" >3 (para frequ\u00eancia de 0 a 3 alunos)<\/option><option value=\"4 (para frequ\u00eancia de 0 a 4 alunos)\" >4 (para frequ\u00eancia de 0 a 4 alunos)<\/option><option value=\"5 (para frequ\u00eancia de 0 a 5 alunos)\" >5 (para frequ\u00eancia de 0 a 5 alunos)<\/option><option value=\"6 (para frequ\u00eancia de 0 a 6 alunos)\" >6 (para frequ\u00eancia de 0 a 6 alunos)<\/option><option value=\"7 (para frequ\u00eancia de 0 a 7 alunos)\" >7 (para frequ\u00eancia de 0 a 7 alunos)<\/option><option value=\"8 (para frequ\u00eancia de 0 a 8 alunos)\" >8 (para frequ\u00eancia de 0 a 8 alunos)<\/option><option value=\"9 (para frequ\u00eancia de 0 a 9 alunos)\" >9 (para frequ\u00eancia de 0 a 9 alunos)<\/option><option value=\"10 (para frequ\u00eancia de 0 a 10 alunos)\" >10 (para frequ\u00eancia de 0 a 10 alunos)<\/option><option value=\"11 (para frequ\u00eancia de 0 a 11 alunos)\" >11 (para frequ\u00eancia de 0 a 11 alunos)<\/option><option value=\"12 (para frequ\u00eancia de 0 a 12 alunos)\" >12 (para frequ\u00eancia de 0 a 12 alunos)<\/option><option value=\"13 (para frequ\u00eancia de 0 a 13 alunos)\" >13 (para frequ\u00eancia de 0 a 13 alunos)<\/option><option value=\"14 (para frequ\u00eancia de 0 a 14 alunos)\" >14 (para frequ\u00eancia de 0 a 14 alunos)<\/option><option value=\"15 (para frequ\u00eancia de 0 a 15 alunos)\" >15 (para frequ\u00eancia de 0 a 15 alunos)<\/option><option value=\"15 (para frequ\u00eancia de 0 a 16 alunos)\" >15 (para frequ\u00eancia de 0 a 16 alunos)<\/option><option value=\"17 (para frequ\u00eancia de 0 a 17 alunos)\" >17 (para frequ\u00eancia de 0 a 17 alunos)<\/option><option value=\"18 (para frequ\u00eancia de 0 a 18 alunos)\" >18 (para frequ\u00eancia de 0 a 18 alunos)<\/option><option value=\"19 (para frequ\u00eancia de 0 a 19 alunos)\" >19 (para frequ\u00eancia de 0 a 19 alunos)<\/option><option value=\"20 (para frequ\u00eancia de 0 a 20 alunos)\" >20 (para frequ\u00eancia de 0 a 20 alunos)<\/option><\/select><div class=\"wpforms-field-description\">Informe o m\u00e1ximo de alunos, lembrando que o valor por turma ser\u00e1 fixo para frequ\u00eancia de 0 at\u00e9 o m\u00e1ximo definido no or\u00e7amento, sem redu\u00e7\u00e3o de valor caso a frequ\u00eancia seja inferior ao m\u00e1ximo contratado.<\/div><\/div><div id=\"wpforms-220-field_11-container\" class=\"wpforms-field wpforms-field-radio\" data-field-id=\"11\"><label class=\"wpforms-field-label\" for=\"wpforms-220-field_11\">Formato do curso desejado <span class=\"wpforms-required-label\">*<\/span><\/label><ul id=\"wpforms-220-field_11\" class=\"wpforms-field-required\"><li class=\"choice-1 depth-1\"><input type=\"radio\" id=\"wpforms-220-field_11_1\" name=\"wpforms[fields][11]\" value=\"100% presencial\" required ><label class=\"wpforms-field-label-inline\" for=\"wpforms-220-field_11_1\">100% presencial<\/label><\/li><li class=\"choice-2 depth-1\"><input type=\"radio\" id=\"wpforms-220-field_11_2\" name=\"wpforms[fields][11]\" value=\"H\u00edbrido (teoria em EaD e pr\u00e1tica presencial)\" required ><label class=\"wpforms-field-label-inline\" for=\"wpforms-220-field_11_2\">H\u00edbrido (teoria em EaD e pr\u00e1tica presencial)<\/label><\/li><li class=\"choice-3 depth-1\"><input type=\"radio\" id=\"wpforms-220-field_11_3\" name=\"wpforms[fields][11]\" value=\"100% EaD (online)\" required ><label class=\"wpforms-field-label-inline\" for=\"wpforms-220-field_11_3\">100% EaD (online)<\/label><\/li><\/ul><\/div><div id=\"wpforms-220-field_13-container\" class=\"wpforms-field wpforms-field-radio\" data-field-id=\"13\"><label class=\"wpforms-field-label\" for=\"wpforms-220-field_13\">Onde deseja que o curso seja ministrado <span class=\"wpforms-required-label\">*<\/span><\/label><ul id=\"wpforms-220-field_13\" class=\"wpforms-field-required\"><li class=\"choice-1 depth-1\"><input type=\"radio\" id=\"wpforms-220-field_13_1\" name=\"wpforms[fields][13]\" value=\"Em sala de aula fornecida por APH SAVE em RJ-Capital\" required ><label class=\"wpforms-field-label-inline\" for=\"wpforms-220-field_13_1\">Em sala de aula fornecida por APH SAVE em RJ-Capital<\/label><\/li><li class=\"choice-2 depth-1\"><input type=\"radio\" id=\"wpforms-220-field_13_2\" name=\"wpforms[fields][13]\" value=\"Em sala de aula fornecida por APH SAVE em SP-Capital\" required ><label class=\"wpforms-field-label-inline\" for=\"wpforms-220-field_13_2\">Em sala de aula fornecida por APH SAVE em SP-Capital<\/label><\/li><li class=\"choice-4 depth-1\"><input type=\"radio\" id=\"wpforms-220-field_13_4\" name=\"wpforms[fields][13]\" value=\"On-line (EaD), em ambiente virtual de aprendizagem\" required ><label class=\"wpforms-field-label-inline\" for=\"wpforms-220-field_13_4\">On-line (EaD), em ambiente virtual de aprendizagem<\/label><\/li><li class=\"choice-3 depth-1\"><input type=\"radio\" id=\"wpforms-220-field_13_3\" name=\"wpforms[fields][13]\" value=\"&quot;Incompany&quot; (em instala\u00e7\u00f5es do solicitante). Informar endere\u00e7o abaixo.\" required ><label class=\"wpforms-field-label-inline\" for=\"wpforms-220-field_13_3\">&#8220;Incompany&#8221; (em instala\u00e7\u00f5es do solicitante). Informar endere\u00e7o abaixo.<\/label><\/li><\/ul><div class=\"wpforms-field-description\">Selecione onde deseja receber o curso. Caso queira o curso em suas instala\u00e7\u00f5es, por favor informe abaixo o endere\u00e7o para curso &#8220;incompany&#8221;.<\/div><\/div><div id=\"wpforms-220-field_14-container\" class=\"wpforms-field wpforms-field-textarea\" data-field-id=\"14\"><label class=\"wpforms-field-label\" for=\"wpforms-220-field_14\">Caso deseje or\u00e7amento para curso &quot;Incompany&quot;, por favor informe abaixo o endere\u00e7o do local onde deseja a realiza\u00e7\u00e3o do curso.<\/label><textarea id=\"wpforms-220-field_14\" class=\"wpforms-field-medium\" name=\"wpforms[fields][14]\" ><\/textarea><div class=\"wpforms-field-description\">No caso de curso &#8220;incompany&#8221;, o local onde ser\u00e1 realizada a turma afeta o custo. Por isso \u00e9 necess\u00e1rio informar o endere\u00e7o onde deseja a turma (quando incompany) para que o or\u00e7amento possa refletir o real valor cobrado pelo servi\u00e7o. Altera\u00e7\u00f5es de local pode gerar altera\u00e7\u00e3o de valores.<\/div><\/div><div id=\"wpforms-220-field_15-container\" class=\"wpforms-field wpforms-field-textarea\" data-field-id=\"15\"><label class=\"wpforms-field-label\" for=\"wpforms-220-field_15\">Observa\u00e7\u00f5es<\/label><textarea id=\"wpforms-220-field_15\" class=\"wpforms-field-medium\" name=\"wpforms[fields][15]\" ><\/textarea><div class=\"wpforms-field-description\">Sinta-se livre para utilizar este campo para qualquer observa\u00e7\u00e3o que considere necess\u00e1ria ou informa\u00e7\u00f5es adicionais. Caso tenha interesse em curso com programa personalizado, utilize este campo para relacionar o conte\u00fado e a carga hor\u00e1ria desejados.<\/div><\/div><div id=\"wpforms-220-field_19-container\" class=\"wpforms-field wpforms-field-checkbox\" data-field-id=\"19\"><label class=\"wpforms-field-label\" for=\"wpforms-220-field_19\">Politica de privacidade APH SAVE. <span class=\"wpforms-required-label\">*<\/span><\/label><ul id=\"wpforms-220-field_19\" class=\"wpforms-field-required\"><li class=\"choice-1 depth-1\"><input type=\"checkbox\" id=\"wpforms-220-field_19_1\" name=\"wpforms[fields][19][]\" value=\"Concordo com a politica de privacidade dispon\u00edvel em http:\/\/aphsave.com.br\/2020\/sobre\/politica-de-privacidade\/ e autorizo o envio de mensagem relacionada \u00e0 minha solicita\u00e7\u00e3o ao email ou telefone informados.\" required ><label class=\"wpforms-field-label-inline\" for=\"wpforms-220-field_19_1\">Concordo com a politica de privacidade dispon\u00edvel em http:\/\/aphsave.com.br\/2020\/sobre\/politica-de-privacidade\/ e autorizo o envio de mensagem relacionada \u00e0 minha solicita\u00e7\u00e3o ao email ou telefone informados.<\/label><\/li><\/ul><\/div><\/div><!-- .wpforms-field-container --><div class=\"wpforms-field wpforms-field-hp\"><label for=\"wpforms-220-field-hp\" class=\"wpforms-field-label\">Name<\/label><input type=\"text\" name=\"wpforms[hp]\" id=\"wpforms-220-field-hp\" class=\"wpforms-field-medium\"><\/div><div class=\"wpforms-submit-container\" ><input type=\"hidden\" name=\"wpforms[id]\" value=\"220\"><input type=\"hidden\" name=\"wpforms[author]\" value=\"2\"><button type=\"submit\" name=\"wpforms[submit]\" id=\"wpforms-submit-220\" class=\"wpforms-submit\" data-alt-text=\"Enviando...\" data-submit-text=\"Enviar\" aria-live=\"assertive\" value=\"wpforms-submit\">Enviar<\/button><\/div><\/form><\/div>  <!-- .wpforms-container -->\n\n\n<pre class=\"wp-block-verse\">Apenas solicita\u00e7\u00f5es de or\u00e7amento de turmas sob demanda, com todas as informa\u00e7\u00f5es necess\u00e1rias fornecidas, s\u00e3o processadas por este canal.<\/pre>\n\n\n\n<p><\/p>\n","protected":false},"excerpt":{"rendered":"<p>Agradecemos o interesse em solicitar um or\u00e7amento de turma exclusiva sob demanda. Como cada turma sob demanda apresenta diferentes caracter\u00edsticas, que resultam em diferentes custos, s\u00e3o necess\u00e1rias as informa\u00e7\u00f5es solicitadas no formul\u00e1rio abaixo para definir o valor espec\u00edfico da turma para o curso desejado, nas condi\u00e7\u00f5es desejadas pelo cliente. Solicitamos&#8230;<\/p>\n<p><a class=\"more-link\" href=\"https:\/\/aphsave.com.br\/2020\/orcamentos-de-cursos-sob-demanda\/\">Read More<\/a><\/p>\n","protected":false},"author":2,"featured_media":0,"parent":0,"menu_order":0,"comment_status":"closed","ping_status":"closed","template":"","meta":{"footnotes":""},"_links":{"self":[{"href":"https:\/\/aphsave.com.br\/2020\/wp-json\/wp\/v2\/pages\/221"}],"collection":[{"href":"https:\/\/aphsave.com.br\/2020\/wp-json\/wp\/v2\/pages"}],"about":[{"href":"https:\/\/aphsave.com.br\/2020\/wp-json\/wp\/v2\/types\/page"}],"author":[{"embeddable":true,"href":"https:\/\/aphsave.com.br\/2020\/wp-json\/wp\/v2\/users\/2"}],"replies":[{"embeddable":true,"href":"https:\/\/aphsave.com.br\/2020\/wp-json\/wp\/v2\/comments?post=221"}],"version-history":[{"count":6,"href":"https:\/\/aphsave.com.br\/2020\/wp-json\/wp\/v2\/pages\/221\/revisions"}],"predecessor-version":[{"id":239,"href":"https:\/\/aphsave.com.br\/2020\/wp-json\/wp\/v2\/pages\/221\/revisions\/239"}],"wp:attachment":[{"href":"https:\/\/aphsave.com.br\/2020\/wp-json\/wp\/v2\/media?parent=221"}],"curies":[{"name":"wp","href":"https:\/\/api.w.org\/{rel}","templated":true}]}}