{"id":231,"date":"2021-02-03T18:48:47","date_gmt":"2021-02-03T21:48:47","guid":{"rendered":"http:\/\/aphsave.com.br\/2020\/?page_id=231"},"modified":"2021-03-03T18:49:51","modified_gmt":"2021-03-03T21:49:51","slug":"politica-de-privacidade","status":"publish","type":"page","link":"https:\/\/aphsave.com.br\/2020\/sobre\/politica-de-privacidade\/","title":{"rendered":"Pol\u00edtica de Privacidade"},"content":{"rendered":"\n<h3 class=\"wp-block-heading\"><strong>Sobre a coleta de dados<\/strong><\/h3>\n\n\n\n<p>Em nosso website, informa\u00e7\u00f5es pode ser coletadas das seguintes formas:<\/p>\n\n\n\n<p><strong>Fornecidas pelo visitante:&nbsp;<\/strong>Coletamos informa\u00e7\u00f5es&nbsp;atrav\u00e9s do&nbsp;preenchimento de&nbsp;formul\u00e1rios&nbsp;dispon\u00edveis no website ou em nossas p\u00e1ginas em redes sociais.&nbsp;Ou ainda por resposta a contatos realizados por e-mail, mensagem instant\u00e2nea ou outros meios de comunica\u00e7\u00e3o.<\/p>\n\n\n\n<p><strong>Atrav\u00e9s de \u201ccookies\u201d:<\/strong>&nbsp;Ao acessar&nbsp;nosso&nbsp;website,&nbsp;pode ser&nbsp;inserido um \u201c<em>cookie\u201d&nbsp;<\/em>no seu navegador,&nbsp;que&nbsp;auxilia a identificar quantas vezes voc\u00ea retorna ao nosso endere\u00e7o.&nbsp;Pode ser&nbsp;coletadas informa\u00e7\u00f5es como endere\u00e7o de IP, localiza\u00e7\u00e3o geogr\u00e1fica,&nbsp;origem, tipo de navegador, dura\u00e7\u00e3o da visita e p\u00e1ginas visitadas,&nbsp;entre outros dados de acesso e navega\u00e7\u00e3o.<\/p>\n\n\n\n<h3 class=\"wp-block-heading\"><strong>Sobre os \u201c<em><strong>cookies\u201d<\/strong><\/em><\/strong><\/h3>\n\n\n\n<p>O visitante pode&nbsp;desligar os seus \u201c<em>cookies\u201d<\/em>&nbsp;nas op\u00e7\u00f5es do seu browser,&nbsp;por exemplo. No entanto, isso poder\u00e1&nbsp;prejudicar o acesso ao&nbsp;nosso&nbsp;website, podendo&nbsp;inclusive&nbsp;impedir&nbsp;que fa\u00e7a login em \u00e1reas exclusivas&nbsp;ou o acesso ao ambiente virtual de aprendizagem (AVA).<\/p>\n\n\n\n<p>Para a melhor navega\u00e7\u00e3o no website, recomendamos permitir os \u201ccookies\u201d.<\/p>\n\n\n\n<h3 class=\"wp-block-heading\"><strong>Sobre o uso de suas informa\u00e7\u00f5es pessoais<\/strong><\/h3>\n\n\n\n<p>O visitante&nbsp;permite&nbsp;a utiliza\u00e7\u00e3o das informa\u00e7\u00f5es coletadas&nbsp;para diferentes finalidades,&nbsp;incluindo finalidades&nbsp;t\u00e9cnicas, estat\u00edsticas e comerciais (como o envio de mensagens por meios eletr\u00f4nicos, com comunica\u00e7\u00f5es, ofertas e divulga\u00e7\u00f5es diversas).<\/p>\n\n\n\n<p>O e-mail&nbsp;ou&nbsp;telefone&nbsp;informado no&nbsp;preenchimento de formul\u00e1rios,&nbsp;al\u00e9m de ser utilizado para a resposta da sua solicita\u00e7\u00e3o, poder\u00e1&nbsp;ser usado para envio de&nbsp;<em>mala-direta,<\/em>&nbsp;e outras&nbsp;comunica\u00e7\u00f5es (relacionadas&nbsp;\u00e0 nossa empresa e a servi\u00e7os e produtos relacionados \u00e0 nossa \u00e1rea de atua\u00e7\u00e3o, incluindo ofertas de produtos e servi\u00e7os de nossos parceiros.<\/p>\n\n\n\n<p>Nome completo, data de nascimento e n\u00fameros de documentos poder\u00e3o ser coletados e arquivados quando necess\u00e1rios para registros e matr\u00edculas, por exemplo.<\/p>\n\n\n\n<h3 class=\"wp-block-heading\"><strong>Sobre o acesso \u00e0s suas informa\u00e7\u00f5es pessoais<\/strong><\/h3>\n\n\n\n<p>As informa\u00e7\u00f5es&nbsp;colhidas e armazenadas somente poder\u00e3o ser visualizadas por nossos colaboradores, exclusivamente para os fins mencionados em nossa pol\u00edtica de privacidade.<\/p>\n\n\n\n<p>Nenhum dado pessoal&nbsp;ser\u00e1&nbsp;divulgado publicamente&nbsp;sem pr\u00e9via autoriza\u00e7\u00e3o expressa do visitante.<\/p>\n\n\n\n<p>Nenhum dado financeiro (dados de cart\u00e3o de cr\u00e9dito e de outros meios de pagamento) ser\u00e3o armazenados em nosso website. Todo pagamento ocorrer\u00e1 atrav\u00e9s de site especializado, em ambiente seguro e sem que dados completos de cart\u00e3o de cr\u00e9dito possam ser visualizados por colaboradores de nossa empresa.<\/p>\n\n\n\n<p>Nossa empresa N\u00c3O&nbsp;vender\u00e1, alugar\u00e1&nbsp;ou repassar\u00e1&nbsp;suas informa\u00e7\u00f5es para terceiros. A \u00fanica exce\u00e7\u00e3o est\u00e1 em casos nos quais essas informa\u00e7\u00f5es forem exigidas judicialmente.<\/p>\n\n\n\n<p>Nenhum servi\u00e7o online possui 100% de garantia contra invas\u00f5es, estando todo e qualquer dado sujeito ao acesso indevido. N\u00e3o podemos nos responsabilizar por eventuais acessos n\u00e3o autorizados e furtos de dados.<\/p>\n\n\n\n<h3 class=\"wp-block-heading\"><strong>Sobre liga\u00e7\u00f5es com sites de terceiros<\/strong><\/h3>\n\n\n\n<p>Nossa Pol\u00edtica de Privacidade n\u00e3o \u00e9 aplicada a sites de terceiros, como website externo de processamento de pagamentos.<\/p>\n\n\n\n<p>N\u00e3o nos responsabilizamos pela Pol\u00edtica de Privacidade ou conte\u00fado presente em outros websites.<\/p>\n\n\n\n<h3 class=\"wp-block-heading\"><strong>Sobre o compartilhamento de conte\u00fado em redes sociais<\/strong><\/h3>\n\n\n\n<p>Ao clicar nos bot\u00f5es de compartilhamento de conte\u00fado, dispon\u00edveis em nossas p\u00e1ginas, o usu\u00e1rio&nbsp;publicar\u00e1&nbsp;a p\u00e1gina de interesse por meio de seu perfil na rede social selecionada.&nbsp;<strong>Essa a\u00e7\u00e3o&nbsp;N\u00c3O&nbsp;concede acesso<\/strong>&nbsp;ao&nbsp;login&nbsp;e\/ou&nbsp;senha&nbsp;do usu\u00e1rio&nbsp;nessas redes.<\/p>\n\n\n\n<h3 class=\"wp-block-heading\"><strong>Mudan\u00e7as na Pol\u00edtica de Privacidade<\/strong><\/h3>\n\n\n\n<p>Essa Pol\u00edtica de Privacidade pode passar por atualiza\u00e7\u00f5es. Recomendamos visitar periodicamente esta p\u00e1gina.<\/p>\n","protected":false},"excerpt":{"rendered":"<p>Sobre a coleta de dados Em nosso website, informa\u00e7\u00f5es pode ser coletadas das seguintes formas: Fornecidas pelo visitante:&nbsp;Coletamos informa\u00e7\u00f5es&nbsp;atrav\u00e9s do&nbsp;preenchimento de&nbsp;formul\u00e1rios&nbsp;dispon\u00edveis no website ou em nossas p\u00e1ginas em redes sociais.&nbsp;Ou ainda por resposta a contatos realizados por e-mail, mensagem instant\u00e2nea ou outros meios de comunica\u00e7\u00e3o. Atrav\u00e9s de \u201ccookies\u201d:&nbsp;Ao acessar&nbsp;nosso&nbsp;website,&nbsp;pode ser&nbsp;inserido&#8230;<\/p>\n<p><a class=\"more-link\" href=\"https:\/\/aphsave.com.br\/2020\/sobre\/politica-de-privacidade\/\">Read More<\/a><\/p>\n","protected":false},"author":2,"featured_media":0,"parent":120,"menu_order":0,"comment_status":"closed","ping_status":"closed","template":"","meta":{"footnotes":""},"_links":{"self":[{"href":"https:\/\/aphsave.com.br\/2020\/wp-json\/wp\/v2\/pages\/231"}],"collection":[{"href":"https:\/\/aphsave.com.br\/2020\/wp-json\/wp\/v2\/pages"}],"about":[{"href":"https:\/\/aphsave.com.br\/2020\/wp-json\/wp\/v2\/types\/page"}],"author":[{"embeddable":true,"href":"https:\/\/aphsave.com.br\/2020\/wp-json\/wp\/v2\/users\/2"}],"replies":[{"embeddable":true,"href":"https:\/\/aphsave.com.br\/2020\/wp-json\/wp\/v2\/comments?post=231"}],"version-history":[{"count":1,"href":"https:\/\/aphsave.com.br\/2020\/wp-json\/wp\/v2\/pages\/231\/revisions"}],"predecessor-version":[{"id":232,"href":"https:\/\/aphsave.com.br\/2020\/wp-json\/wp\/v2\/pages\/231\/revisions\/232"}],"up":[{"embeddable":true,"href":"https:\/\/aphsave.com.br\/2020\/wp-json\/wp\/v2\/pages\/120"}],"wp:attachment":[{"href":"https:\/\/aphsave.com.br\/2020\/wp-json\/wp\/v2\/media?parent=231"}],"curies":[{"name":"wp","href":"https:\/\/api.w.org\/{rel}","templated":true}]}}